{"id":767,"date":"2025-04-16T15:57:20","date_gmt":"2025-04-16T15:57:20","guid":{"rendered":"https:\/\/www.elioscarwash.com\/es\/?page_id=767"},"modified":"2025-04-21T01:48:12","modified_gmt":"2025-04-21T01:48:12","slug":"blog","status":"publish","type":"page","link":"https:\/\/www.elioscarwash.com\/es\/blog\/","title":{"rendered":"Blog"},"content":{"rendered":"\t\t<div data-elementor-type=\"wp-page\" data-elementor-id=\"767\" class=\"elementor elementor-767\" data-elementor-settings=\"{&quot;ha_cmc_init_switcher&quot;:&quot;no&quot;}\" data-elementor-post-type=\"page\">\n\t\t\t\t<div class=\"elementor-element elementor-element-ba66f1f e-con-full e-flex e-con e-parent\" data-id=\"ba66f1f\" data-element_type=\"container\" data-e-type=\"container\" data-settings=\"{&quot;background_background&quot;:&quot;classic&quot;,&quot;_ha_eqh_enable&quot;:false}\">\n\t\t<div class=\"elementor-element elementor-element-9b4dd7e e-flex e-con-boxed e-con e-child\" data-id=\"9b4dd7e\" data-element_type=\"container\" data-e-type=\"container\" data-settings=\"{&quot;_ha_eqh_enable&quot;:false}\">\n\t\t\t\t\t<div class=\"e-con-inner\">\n\t\t\t\t<div class=\"elementor-element elementor-element-fe73dd5 elementor-widget elementor-widget-heading\" data-id=\"fe73dd5\" data-element_type=\"widget\" data-e-type=\"widget\" data-widget_type=\"heading.default\">\n\t\t\t\t\t<p class=\"elementor-heading-title elementor-size-default\">Bienvenido a nuestro Blog<\/p>\t\t\t\t<\/div>\n\t\t\t\t<div class=\"elementor-element elementor-element-1ba8e5b elementor-grid-1 elementor-posts__hover-none elementor-widget__width-initial elementor-widget-tablet__width-inherit elementor-grid-tablet-2 elementor-grid-mobile-1 elementor-posts--thumbnail-top elementor-widget elementor-widget-posts\" data-id=\"1ba8e5b\" data-element_type=\"widget\" data-e-type=\"widget\" data-settings=\"{&quot;cards_columns&quot;:&quot;1&quot;,&quot;cards_row_gap&quot;:{&quot;unit&quot;:&quot;px&quot;,&quot;size&quot;:67,&quot;sizes&quot;:[]},&quot;pagination_type&quot;:&quot;load_more_infinite_scroll&quot;,&quot;cards_columns_tablet&quot;:&quot;2&quot;,&quot;cards_columns_mobile&quot;:&quot;1&quot;,&quot;cards_row_gap_widescreen&quot;:{&quot;unit&quot;:&quot;px&quot;,&quot;size&quot;:&quot;&quot;,&quot;sizes&quot;:[]},&quot;cards_row_gap_laptop&quot;:{&quot;unit&quot;:&quot;px&quot;,&quot;size&quot;:&quot;&quot;,&quot;sizes&quot;:[]},&quot;cards_row_gap_tablet_extra&quot;:{&quot;unit&quot;:&quot;px&quot;,&quot;size&quot;:&quot;&quot;,&quot;sizes&quot;:[]},&quot;cards_row_gap_tablet&quot;:{&quot;unit&quot;:&quot;px&quot;,&quot;size&quot;:&quot;&quot;,&quot;sizes&quot;:[]},&quot;cards_row_gap_mobile_extra&quot;:{&quot;unit&quot;:&quot;px&quot;,&quot;size&quot;:&quot;&quot;,&quot;sizes&quot;:[]},&quot;cards_row_gap_mobile&quot;:{&quot;unit&quot;:&quot;px&quot;,&quot;size&quot;:&quot;&quot;,&quot;sizes&quot;:[]},&quot;load_more_spinner&quot;:{&quot;value&quot;:&quot;fas fa-spinner&quot;,&quot;library&quot;:&quot;fa-solid&quot;}}\" data-widget_type=\"posts.cards\">\n\t\t\t\t<div class=\"elementor-widget-container\">\n\t\t\t\t\t\t\t<div class=\"elementor-posts-container elementor-posts elementor-posts--skin-cards elementor-grid\" role=\"list\">\n\t\t\t\t<article class=\"elementor-post elementor-grid-item post-801 post type-post status-publish format-standard has-post-thumbnail hentry category-uncategorized\" role=\"listitem\">\n\t\t\t<div class=\"elementor-post__card\">\n\t\t\t\t<a class=\"elementor-post__thumbnail__link\" href=\"https:\/\/www.elioscarwash.com\/es\/es-buena-idea-montar-un-lavadero-de-coches-claves-y-recomendaciones-2\/\" tabindex=\"-1\" ><div class=\"elementor-post__thumbnail\"><img fetchpriority=\"high\" decoding=\"async\" width=\"800\" height=\"534\" src=\"https:\/\/www.elioscarwash.com\/es\/wp-content\/uploads\/2025\/04\/image-8.png\" class=\"attachment-large size-large wp-image-802\" alt=\"\" srcset=\"https:\/\/www.elioscarwash.com\/es\/wp-content\/uploads\/2025\/04\/image-8.png 1024w, https:\/\/www.elioscarwash.com\/es\/wp-content\/smush-webp\/2025\/04\/image-8-300x200.png.webp 300w, https:\/\/www.elioscarwash.com\/es\/wp-content\/smush-webp\/2025\/04\/image-8-768x512.png.webp 768w\" sizes=\"(max-width: 800px) 100vw, 800px\" \/><\/div><\/a>\n\t\t\t\t<div class=\"elementor-post__text\">\n\t\t\t\t<h2 class=\"elementor-post__title\">\n\t\t\t<a href=\"https:\/\/www.elioscarwash.com\/es\/es-buena-idea-montar-un-lavadero-de-coches-claves-y-recomendaciones-2\/\" >\n\t\t\t\t\u00bfEs buena idea montar un lavadero de coches? Claves y recomendaciones\t\t\t<\/a>\n\t\t<\/h2>\n\t\t\t\t<div class=\"elementor-post__excerpt\">\n\t\t\t<p>\u00bfAlguna vez te has preguntado si un&nbsp;lavadero de coches&nbsp;podr\u00eda ser una&nbsp;buena opci\u00f3n de negocio?&nbsp;Ciertamente, es una posibilidad de emprendimiento muy interesante. La&nbsp;clave radica&nbsp;en c\u00f3mo&nbsp;lograr que<\/p>\n\t\t<\/div>\n\t\t\n\t\t<a class=\"elementor-post__read-more\" href=\"https:\/\/www.elioscarwash.com\/es\/es-buena-idea-montar-un-lavadero-de-coches-claves-y-recomendaciones-2\/\" aria-label=\"M\u00e1s informaci\u00f3n sobre \u00bfEs buena idea montar un lavadero de coches? Claves y recomendaciones\" tabindex=\"-1\" >\n\t\t\tLeer m\u00e1s \u00bb\t\t<\/a>\n\n\t\t\t\t<\/div>\n\t\t\t\t\t<\/div>\n\t\t<\/article>\n\t\t\t\t<article class=\"elementor-post elementor-grid-item post-797 post type-post status-publish format-standard has-post-thumbnail hentry category-uncategorized\" role=\"listitem\">\n\t\t\t<div class=\"elementor-post__card\">\n\t\t\t\t<a class=\"elementor-post__thumbnail__link\" href=\"https:\/\/www.elioscarwash.com\/es\/es-buena-idea-montar-un-lavadero-de-coches-claves-y-recomendaciones\/\" tabindex=\"-1\" ><div class=\"elementor-post__thumbnail\"><img decoding=\"async\" width=\"800\" height=\"533\" src=\"https:\/\/www.elioscarwash.com\/es\/wp-content\/uploads\/2025\/04\/fondo-textura-agua-dulce-liquido-transparente_53876-142911-1024x682-1.jpg\" class=\"attachment-large size-large wp-image-799\" alt=\"\" srcset=\"https:\/\/www.elioscarwash.com\/es\/wp-content\/uploads\/2025\/04\/fondo-textura-agua-dulce-liquido-transparente_53876-142911-1024x682-1.jpg 1024w, https:\/\/www.elioscarwash.com\/es\/wp-content\/uploads\/2025\/04\/fondo-textura-agua-dulce-liquido-transparente_53876-142911-1024x682-1-300x200.jpg 300w, https:\/\/www.elioscarwash.com\/es\/wp-content\/smush-webp\/2025\/04\/fondo-textura-agua-dulce-liquido-transparente_53876-142911-1024x682-1-768x512.jpg.webp 768w\" sizes=\"(max-width: 800px) 100vw, 800px\" \/><\/div><\/a>\n\t\t\t\t<div class=\"elementor-post__text\">\n\t\t\t\t<h2 class=\"elementor-post__title\">\n\t\t\t<a href=\"https:\/\/www.elioscarwash.com\/es\/es-buena-idea-montar-un-lavadero-de-coches-claves-y-recomendaciones\/\" >\n\t\t\t\t\u00bfEs buena idea montar un lavadero de coches? Claves y recomendaciones\t\t\t<\/a>\n\t\t<\/h2>\n\t\t\t\t<div class=\"elementor-post__excerpt\">\n\t\t\t<p>\u00bfSab\u00edas que es posible&nbsp;reciclar agua en el lavado autom\u00e1tico? Seguro que te has planteado alguna vez c\u00f3mo puedes lavar tu coche de manera m\u00e1s sostenible.<\/p>\n\t\t<\/div>\n\t\t\n\t\t<a class=\"elementor-post__read-more\" href=\"https:\/\/www.elioscarwash.com\/es\/es-buena-idea-montar-un-lavadero-de-coches-claves-y-recomendaciones\/\" aria-label=\"M\u00e1s informaci\u00f3n sobre \u00bfEs buena idea montar un lavadero de coches? Claves y recomendaciones\" tabindex=\"-1\" >\n\t\t\tLeer m\u00e1s \u00bb\t\t<\/a>\n\n\t\t\t\t<\/div>\n\t\t\t\t\t<\/div>\n\t\t<\/article>\n\t\t\t\t<article class=\"elementor-post elementor-grid-item post-793 post type-post status-publish format-standard has-post-thumbnail hentry category-uncategorized\" role=\"listitem\">\n\t\t\t<div class=\"elementor-post__card\">\n\t\t\t\t<a class=\"elementor-post__thumbnail__link\" href=\"https:\/\/www.elioscarwash.com\/es\/son-los-boxes-de-lavado-una-inversion\/\" tabindex=\"-1\" ><div class=\"elementor-post__thumbnail\"><img decoding=\"async\" width=\"800\" height=\"602\" src=\"https:\/\/www.elioscarwash.com\/es\/wp-content\/uploads\/2025\/04\/IMG-20231206-WA0034-1024x771-1.jpg\" class=\"attachment-large size-large wp-image-795\" alt=\"\" srcset=\"https:\/\/www.elioscarwash.com\/es\/wp-content\/uploads\/2025\/04\/IMG-20231206-WA0034-1024x771-1.jpg 1024w, https:\/\/www.elioscarwash.com\/es\/wp-content\/smush-webp\/2025\/04\/IMG-20231206-WA0034-1024x771-1-300x226.jpg.webp 300w, https:\/\/www.elioscarwash.com\/es\/wp-content\/smush-webp\/2025\/04\/IMG-20231206-WA0034-1024x771-1-768x578.jpg.webp 768w\" sizes=\"(max-width: 800px) 100vw, 800px\" \/><\/div><\/a>\n\t\t\t\t<div class=\"elementor-post__text\">\n\t\t\t\t<h2 class=\"elementor-post__title\">\n\t\t\t<a href=\"https:\/\/www.elioscarwash.com\/es\/son-los-boxes-de-lavado-una-inversion\/\" >\n\t\t\t\t\u00bfSon los boxes de lavado una inversi\u00f3n?\t\t\t<\/a>\n\t\t<\/h2>\n\t\t\t\t<div class=\"elementor-post__excerpt\">\n\t\t\t<p>\u00bfEres de los que&nbsp;adoran su coche&nbsp;y quieren mantenerlo siempre impecable o un emprendedor interesado en los boxes de lavado como inversi\u00f3n? Estos equipamientos atraen cada<\/p>\n\t\t<\/div>\n\t\t\n\t\t<a class=\"elementor-post__read-more\" href=\"https:\/\/www.elioscarwash.com\/es\/son-los-boxes-de-lavado-una-inversion\/\" aria-label=\"M\u00e1s informaci\u00f3n sobre \u00bfSon los boxes de lavado una inversi\u00f3n?\" tabindex=\"-1\" >\n\t\t\tLeer m\u00e1s \u00bb\t\t<\/a>\n\n\t\t\t\t<\/div>\n\t\t\t\t\t<\/div>\n\t\t<\/article>\n\t\t\t\t<article class=\"elementor-post elementor-grid-item post-789 post type-post status-publish format-standard has-post-thumbnail hentry category-uncategorized\" role=\"listitem\">\n\t\t\t<div class=\"elementor-post__card\">\n\t\t\t\t<a class=\"elementor-post__thumbnail__link\" href=\"https:\/\/www.elioscarwash.com\/es\/puente-de-lavado-versus-tunel-de-lavado-en-que-se-diferencian\/\" tabindex=\"-1\" ><div class=\"elementor-post__thumbnail\"><img loading=\"lazy\" decoding=\"async\" width=\"800\" height=\"534\" src=\"https:\/\/www.elioscarwash.com\/es\/wp-content\/uploads\/2025\/04\/mujer-lavando-su-coche-al-aire-libre-2-1024x683-1.jpg\" class=\"attachment-large size-large wp-image-791\" alt=\"\" srcset=\"https:\/\/www.elioscarwash.com\/es\/wp-content\/uploads\/2025\/04\/mujer-lavando-su-coche-al-aire-libre-2-1024x683-1.jpg 1024w, https:\/\/www.elioscarwash.com\/es\/wp-content\/smush-webp\/2025\/04\/mujer-lavando-su-coche-al-aire-libre-2-1024x683-1-300x200.jpg.webp 300w, https:\/\/www.elioscarwash.com\/es\/wp-content\/smush-webp\/2025\/04\/mujer-lavando-su-coche-al-aire-libre-2-1024x683-1-768x512.jpg.webp 768w\" sizes=\"(max-width: 800px) 100vw, 800px\" \/><\/div><\/a>\n\t\t\t\t<div class=\"elementor-post__text\">\n\t\t\t\t<h2 class=\"elementor-post__title\">\n\t\t\t<a href=\"https:\/\/www.elioscarwash.com\/es\/puente-de-lavado-versus-tunel-de-lavado-en-que-se-diferencian\/\" >\n\t\t\t\tPuente de lavado versus t\u00fanel de lavado, \u00bfen qu\u00e9 se diferencian?\t\t\t<\/a>\n\t\t<\/h2>\n\t\t\t\t<div class=\"elementor-post__excerpt\">\n\t\t\t<p>Aunque los especialistas en el sector conocen la&nbsp;diferencia entre puente y t\u00fanel de lavado, esta no es tan distinguible para el p\u00fablico general. Con car\u00e1cter<\/p>\n\t\t<\/div>\n\t\t\n\t\t<a class=\"elementor-post__read-more\" href=\"https:\/\/www.elioscarwash.com\/es\/puente-de-lavado-versus-tunel-de-lavado-en-que-se-diferencian\/\" aria-label=\"M\u00e1s informaci\u00f3n sobre Puente de lavado versus t\u00fanel de lavado, \u00bfen qu\u00e9 se diferencian?\" tabindex=\"-1\" >\n\t\t\tLeer m\u00e1s \u00bb\t\t<\/a>\n\n\t\t\t\t<\/div>\n\t\t\t\t\t<\/div>\n\t\t<\/article>\n\t\t\t\t<article class=\"elementor-post elementor-grid-item post-785 post type-post status-publish format-standard has-post-thumbnail hentry category-uncategorized\" role=\"listitem\">\n\t\t\t<div class=\"elementor-post__card\">\n\t\t\t\t<a class=\"elementor-post__thumbnail__link\" href=\"https:\/\/www.elioscarwash.com\/es\/cuales-son-los-mejores-consejos-y-pistas-de-lavado-para-coches\/\" tabindex=\"-1\" ><div class=\"elementor-post__thumbnail\"><img loading=\"lazy\" decoding=\"async\" width=\"800\" height=\"534\" src=\"https:\/\/www.elioscarwash.com\/es\/wp-content\/uploads\/2025\/04\/joven-lavando-su-coche-carwash-1024x683-1.jpg\" class=\"attachment-large size-large wp-image-788\" alt=\"\" srcset=\"https:\/\/www.elioscarwash.com\/es\/wp-content\/uploads\/2025\/04\/joven-lavando-su-coche-carwash-1024x683-1.jpg 1024w, https:\/\/www.elioscarwash.com\/es\/wp-content\/smush-webp\/2025\/04\/joven-lavando-su-coche-carwash-1024x683-1-300x200.jpg.webp 300w, https:\/\/www.elioscarwash.com\/es\/wp-content\/smush-webp\/2025\/04\/joven-lavando-su-coche-carwash-1024x683-1-768x512.jpg.webp 768w\" sizes=\"(max-width: 800px) 100vw, 800px\" \/><\/div><\/a>\n\t\t\t\t<div class=\"elementor-post__text\">\n\t\t\t\t<h2 class=\"elementor-post__title\">\n\t\t\t<a href=\"https:\/\/www.elioscarwash.com\/es\/cuales-son-los-mejores-consejos-y-pistas-de-lavado-para-coches\/\" >\n\t\t\t\t\u00bfCu\u00e1les son los mejores consejos y pistas de lavado para coches?\t\t\t<\/a>\n\t\t<\/h2>\n\t\t\t\t<div class=\"elementor-post__excerpt\">\n\t\t\t<p>Hemos reunido para ti las mejores claves y&nbsp;pistas de lavado de autom\u00f3viles. Demasiadas personas cometen errores graves por desconocimiento al hacerlo. \u00a1Ya no te va<\/p>\n\t\t<\/div>\n\t\t\n\t\t<a class=\"elementor-post__read-more\" href=\"https:\/\/www.elioscarwash.com\/es\/cuales-son-los-mejores-consejos-y-pistas-de-lavado-para-coches\/\" aria-label=\"M\u00e1s informaci\u00f3n sobre \u00bfCu\u00e1les son los mejores consejos y pistas de lavado para coches?\" tabindex=\"-1\" >\n\t\t\tLeer m\u00e1s \u00bb\t\t<\/a>\n\n\t\t\t\t<\/div>\n\t\t\t\t\t<\/div>\n\t\t<\/article>\n\t\t\t\t<article class=\"elementor-post elementor-grid-item post-780 post type-post status-publish format-standard has-post-thumbnail hentry category-uncategorized\" role=\"listitem\">\n\t\t\t<div class=\"elementor-post__card\">\n\t\t\t\t<a class=\"elementor-post__thumbnail__link\" href=\"https:\/\/www.elioscarwash.com\/es\/un-caso-de-exito-puente-de-lavado-de-elios-para-galp-pollenca\/\" tabindex=\"-1\" ><div class=\"elementor-post__thumbnail\"><img loading=\"lazy\" decoding=\"async\" width=\"800\" height=\"534\" src=\"https:\/\/www.elioscarwash.com\/es\/wp-content\/uploads\/2025\/04\/Un-caso-de-exito-Puente-de-lavado-de-Elios-para-Galp-Pollenca.jpg\" class=\"attachment-large size-large wp-image-781\" alt=\"\" srcset=\"https:\/\/www.elioscarwash.com\/es\/wp-content\/uploads\/2025\/04\/Un-caso-de-exito-Puente-de-lavado-de-Elios-para-Galp-Pollenca.jpg 1024w, https:\/\/www.elioscarwash.com\/es\/wp-content\/smush-webp\/2025\/04\/Un-caso-de-exito-Puente-de-lavado-de-Elios-para-Galp-Pollenca-300x200.jpg.webp 300w, https:\/\/www.elioscarwash.com\/es\/wp-content\/smush-webp\/2025\/04\/Un-caso-de-exito-Puente-de-lavado-de-Elios-para-Galp-Pollenca-768x512.jpg.webp 768w\" sizes=\"(max-width: 800px) 100vw, 800px\" \/><\/div><\/a>\n\t\t\t\t<div class=\"elementor-post__text\">\n\t\t\t\t<h2 class=\"elementor-post__title\">\n\t\t\t<a href=\"https:\/\/www.elioscarwash.com\/es\/un-caso-de-exito-puente-de-lavado-de-elios-para-galp-pollenca\/\" >\n\t\t\t\tUn caso de \u00e9xito: Puente de lavado de Elios para Galp Pollen\u00e7a\t\t\t<\/a>\n\t\t<\/h2>\n\t\t\t\t<div class=\"elementor-post__excerpt\">\n\t\t\t<p>Una alianza estrat\u00e9gica entre Galp Pollen\u00e7a y Elios La estaci\u00f3n de servicio Galp de Pollen\u00e7a&nbsp;ha elegido a&nbsp;Elios como aliado&nbsp;estrat\u00e9gico para mejorar su servicio de lavado<\/p>\n\t\t<\/div>\n\t\t\n\t\t<a class=\"elementor-post__read-more\" href=\"https:\/\/www.elioscarwash.com\/es\/un-caso-de-exito-puente-de-lavado-de-elios-para-galp-pollenca\/\" aria-label=\"M\u00e1s informaci\u00f3n sobre Un caso de \u00e9xito: Puente de lavado de Elios para Galp Pollen\u00e7a\" tabindex=\"-1\" >\n\t\t\tLeer m\u00e1s \u00bb\t\t<\/a>\n\n\t\t\t\t<\/div>\n\t\t\t\t\t<\/div>\n\t\t<\/article>\n\t\t\t\t<\/div>\n\t\t\t\t\t<span class=\"e-load-more-spinner\">\n\t\t\t\t<svg aria-hidden=\"true\" class=\"e-font-icon-svg e-fas-spinner\" viewBox=\"0 0 512 512\" xmlns=\"http:\/\/www.w3.org\/2000\/svg\"><path d=\"M304 48c0 26.51-21.49 48-48 48s-48-21.49-48-48 21.49-48 48-48 48 21.49 48 48zm-48 368c-26.51 0-48 21.49-48 48s21.49 48 48 48 48-21.49 48-48-21.49-48-48-48zm208-208c-26.51 0-48 21.49-48 48s21.49 48 48 48 48-21.49 48-48-21.49-48-48-48zM96 256c0-26.51-21.49-48-48-48S0 229.49 0 256s21.49 48 48 48 48-21.49 48-48zm12.922 99.078c-26.51 0-48 21.49-48 48s21.49 48 48 48 48-21.49 48-48c0-26.509-21.491-48-48-48zm294.156 0c-26.51 0-48 21.49-48 48s21.49 48 48 48 48-21.49 48-48c0-26.509-21.49-48-48-48zM108.922 60.922c-26.51 0-48 21.49-48 48s21.49 48 48 48 48-21.49 48-48-21.491-48-48-48z\"><\/path><\/svg>\t\t\t<\/span>\n\t\t\n\t\t\t\t\t\t<\/div>\n\t\t\t\t<\/div>\n\t\t\t\t\t<\/div>\n\t\t\t\t<\/div>\n\t\t\t\t<\/div>\n\t\t\t\t<\/div>\n\t\t","protected":false},"excerpt":{"rendered":"<p>Bienvenido a nuestro Blog<\/p>\n","protected":false},"author":1,"featured_media":0,"parent":0,"menu_order":0,"comment_status":"closed","ping_status":"closed","template":"","meta":{"footnotes":""},"class_list":["post-767","page","type-page","status-publish","hentry"],"yoast_head":"<!-- This site is optimized with the Yoast SEO Premium plugin v24.9 (Yoast SEO v27.3) - https:\/\/yoast.com\/product\/yoast-seo-premium-wordpress\/ -->\n<title>Blog - Elioscarwash<\/title>\n<meta name=\"robots\" content=\"index, follow, max-snippet:-1, max-image-preview:large, max-video-preview:-1\" \/>\n<link rel=\"canonical\" href=\"https:\/\/www.elioscarwash.com\/es\/blog\/\" \/>\n<meta property=\"og:locale\" content=\"es_ES\" \/>\n<meta property=\"og:type\" content=\"article\" \/>\n<meta property=\"og:title\" content=\"Blog\" \/>\n<meta property=\"og:description\" content=\"Bienvenido a nuestro Blog\" \/>\n<meta property=\"og:url\" content=\"https:\/\/www.elioscarwash.com\/es\/blog\/\" \/>\n<meta property=\"og:site_name\" content=\"Elioscarwash\" \/>\n<meta property=\"article:modified_time\" content=\"2025-04-21T01:48:12+00:00\" \/>\n<meta name=\"twitter:card\" content=\"summary_large_image\" \/>\n<meta name=\"twitter:label1\" content=\"Tiempo de lectura\" \/>\n\t<meta name=\"twitter:data1\" content=\"5 minutos\" \/>\n<script type=\"application\/ld+json\" class=\"yoast-schema-graph\">{\"@context\":\"https:\\\/\\\/schema.org\",\"@graph\":[{\"@type\":\"WebPage\",\"@id\":\"https:\\\/\\\/www.elioscarwash.com\\\/es\\\/blog\\\/\",\"url\":\"https:\\\/\\\/www.elioscarwash.com\\\/es\\\/blog\\\/\",\"name\":\"Blog - Elioscarwash\",\"isPartOf\":{\"@id\":\"https:\\\/\\\/www.elioscarwash.com\\\/es\\\/#website\"},\"datePublished\":\"2025-04-16T15:57:20+00:00\",\"dateModified\":\"2025-04-21T01:48:12+00:00\",\"breadcrumb\":{\"@id\":\"https:\\\/\\\/www.elioscarwash.com\\\/es\\\/blog\\\/#breadcrumb\"},\"inLanguage\":\"es\",\"potentialAction\":[{\"@type\":\"ReadAction\",\"target\":[\"https:\\\/\\\/www.elioscarwash.com\\\/es\\\/blog\\\/\"]}]},{\"@type\":\"BreadcrumbList\",\"@id\":\"https:\\\/\\\/www.elioscarwash.com\\\/es\\\/blog\\\/#breadcrumb\",\"itemListElement\":[{\"@type\":\"ListItem\",\"position\":1,\"name\":\"Portada\",\"item\":\"https:\\\/\\\/www.elioscarwash.com\\\/es\\\/\"},{\"@type\":\"ListItem\",\"position\":2,\"name\":\"Blog\"}]},{\"@type\":\"WebSite\",\"@id\":\"https:\\\/\\\/www.elioscarwash.com\\\/es\\\/#website\",\"url\":\"https:\\\/\\\/www.elioscarwash.com\\\/es\\\/\",\"name\":\"Elioscarwash\",\"description\":\"\",\"potentialAction\":[{\"@type\":\"SearchAction\",\"target\":{\"@type\":\"EntryPoint\",\"urlTemplate\":\"https:\\\/\\\/www.elioscarwash.com\\\/es\\\/?s={search_term_string}\"},\"query-input\":{\"@type\":\"PropertyValueSpecification\",\"valueRequired\":true,\"valueName\":\"search_term_string\"}}],\"inLanguage\":\"es\"}]}<\/script>\n<!-- \/ Yoast SEO Premium plugin. -->","yoast_head_json":{"title":"Blog - Elioscarwash","robots":{"index":"index","follow":"follow","max-snippet":"max-snippet:-1","max-image-preview":"max-image-preview:large","max-video-preview":"max-video-preview:-1"},"canonical":"https:\/\/www.elioscarwash.com\/es\/blog\/","og_locale":"es_ES","og_type":"article","og_title":"Blog","og_description":"Bienvenido a nuestro Blog","og_url":"https:\/\/www.elioscarwash.com\/es\/blog\/","og_site_name":"Elioscarwash","article_modified_time":"2025-04-21T01:48:12+00:00","twitter_card":"summary_large_image","twitter_misc":{"Tiempo de lectura":"5 minutos"},"schema":{"@context":"https:\/\/schema.org","@graph":[{"@type":"WebPage","@id":"https:\/\/www.elioscarwash.com\/es\/blog\/","url":"https:\/\/www.elioscarwash.com\/es\/blog\/","name":"Blog - Elioscarwash","isPartOf":{"@id":"https:\/\/www.elioscarwash.com\/es\/#website"},"datePublished":"2025-04-16T15:57:20+00:00","dateModified":"2025-04-21T01:48:12+00:00","breadcrumb":{"@id":"https:\/\/www.elioscarwash.com\/es\/blog\/#breadcrumb"},"inLanguage":"es","potentialAction":[{"@type":"ReadAction","target":["https:\/\/www.elioscarwash.com\/es\/blog\/"]}]},{"@type":"BreadcrumbList","@id":"https:\/\/www.elioscarwash.com\/es\/blog\/#breadcrumb","itemListElement":[{"@type":"ListItem","position":1,"name":"Portada","item":"https:\/\/www.elioscarwash.com\/es\/"},{"@type":"ListItem","position":2,"name":"Blog"}]},{"@type":"WebSite","@id":"https:\/\/www.elioscarwash.com\/es\/#website","url":"https:\/\/www.elioscarwash.com\/es\/","name":"Elioscarwash","description":"","potentialAction":[{"@type":"SearchAction","target":{"@type":"EntryPoint","urlTemplate":"https:\/\/www.elioscarwash.com\/es\/?s={search_term_string}"},"query-input":{"@type":"PropertyValueSpecification","valueRequired":true,"valueName":"search_term_string"}}],"inLanguage":"es"}]}},"_links":{"self":[{"href":"https:\/\/www.elioscarwash.com\/es\/wp-json\/wp\/v2\/pages\/767","targetHints":{"allow":["GET"]}}],"collection":[{"href":"https:\/\/www.elioscarwash.com\/es\/wp-json\/wp\/v2\/pages"}],"about":[{"href":"https:\/\/www.elioscarwash.com\/es\/wp-json\/wp\/v2\/types\/page"}],"author":[{"embeddable":true,"href":"https:\/\/www.elioscarwash.com\/es\/wp-json\/wp\/v2\/users\/1"}],"replies":[{"embeddable":true,"href":"https:\/\/www.elioscarwash.com\/es\/wp-json\/wp\/v2\/comments?post=767"}],"version-history":[{"count":3,"href":"https:\/\/www.elioscarwash.com\/es\/wp-json\/wp\/v2\/pages\/767\/revisions"}],"predecessor-version":[{"id":1354,"href":"https:\/\/www.elioscarwash.com\/es\/wp-json\/wp\/v2\/pages\/767\/revisions\/1354"}],"wp:attachment":[{"href":"https:\/\/www.elioscarwash.com\/es\/wp-json\/wp\/v2\/media?parent=767"}],"curies":[{"name":"wp","href":"https:\/\/api.w.org\/{rel}","templated":true}]}}